{"id":5,"date":"2024-04-14T18:26:39","date_gmt":"2024-04-14T18:26:39","guid":{"rendered":"https:\/\/nv-kaientroler.de\/?page_id=5"},"modified":"2024-09-03T19:33:39","modified_gmt":"2024-09-03T19:33:39","slug":"willkommen-auf-https-nv-kaientroler-de","status":"publish","type":"page","link":"https:\/\/nv-kaientroler.de\/","title":{"rendered":""},"content":{"rendered":"\n<blockquote class=\"wp-block-quote is-layout-flow wp-block-quote-is-layout-flow\">\n<h1 class=\"wp-block-heading has-text-align-center has-vivid-red-color has-text-color has-link-color wp-elements-6109ed903a04e7e7c943eb105cc733cd\" style=\"font-style:normal;font-weight:100\">Willkommen beim <\/h1>\n\n\n\n<h1 class=\"wp-block-heading has-text-align-center has-vivid-red-color has-text-color has-link-color wp-elements-5f03edda4d9f77e0cbedff3a08d617b2\" style=\"font-style:normal;font-weight:100\">Narrenverein Kaientroler Bonndorf e.V.<\/h1>\n<\/blockquote>\n\n\n\n<p class=\"has-text-align-center\">Auf unseren Seiten findest du alles Wissenswerte \u00fcber unsere Narrenzunft, wir w\u00fcnschen Dir viel Spa\u00df beim St\u00f6bern!<\/p>\n","protected":false},"excerpt":{"rendered":"<p>Willkommen beim Narrenverein Kaientroler Bonndorf e.V. Auf unseren Seiten findest du alles Wissenswerte \u00fcber unsere Narrenzunft, wir w\u00fcnschen Dir viel Spa\u00df beim St\u00f6bern!<\/p>\n","protected":false},"author":1,"featured_media":0,"parent":0,"menu_order":0,"comment_status":"closed","ping_status":"closed","template":"","meta":{"footnotes":""},"_links":{"self":[{"href":"https:\/\/nv-kaientroler.de\/index.php?rest_route=\/wp\/v2\/pages\/5"}],"collection":[{"href":"https:\/\/nv-kaientroler.de\/index.php?rest_route=\/wp\/v2\/pages"}],"about":[{"href":"https:\/\/nv-kaientroler.de\/index.php?rest_route=\/wp\/v2\/types\/page"}],"author":[{"embeddable":true,"href":"https:\/\/nv-kaientroler.de\/index.php?rest_route=\/wp\/v2\/users\/1"}],"replies":[{"embeddable":true,"href":"https:\/\/nv-kaientroler.de\/index.php?rest_route=%2Fwp%2Fv2%2Fcomments&post=5"}],"version-history":[{"count":11,"href":"https:\/\/nv-kaientroler.de\/index.php?rest_route=\/wp\/v2\/pages\/5\/revisions"}],"predecessor-version":[{"id":138,"href":"https:\/\/nv-kaientroler.de\/index.php?rest_route=\/wp\/v2\/pages\/5\/revisions\/138"}],"wp:attachment":[{"href":"https:\/\/nv-kaientroler.de\/index.php?rest_route=%2Fwp%2Fv2%2Fmedia&parent=5"}],"curies":[{"name":"wp","href":"https:\/\/api.w.org\/{rel}","templated":true}]}}